{"id":819,"date":"2023-10-06T15:22:48","date_gmt":"2023-10-06T13:22:48","guid":{"rendered":"https:\/\/www.blog.bim.finance\/?page_id=819"},"modified":"2024-12-02T13:57:32","modified_gmt":"2024-12-02T12:57:32","slug":"author","status":"publish","type":"page","link":"https:\/\/www.blog.bim.finance\/en\/author\/","title":{"rendered":"Notre \u00e9quipe"},"content":{"rendered":"<div data-elementor-type=\"wp-page\" data-elementor-id=\"819\" class=\"elementor elementor-819\" data-elementor-post-type=\"page\">\n\t\t\t\t\t\t<section class=\"elementor-section elementor-top-section elementor-element elementor-element-1212fd7 elementor-section-boxed elementor-section-height-default elementor-section-height-default\" data-id=\"1212fd7\" data-element_type=\"section\" data-e-type=\"section\" data-settings=\"{&quot;background_background&quot;:&quot;classic&quot;}\">\n\t\t\t\t\t\t<div class=\"elementor-container elementor-column-gap-default\">\n\t\t\t\t\t<div class=\"elementor-column elementor-col-100 elementor-top-column elementor-element elementor-element-4be4c52\" data-id=\"4be4c52\" data-element_type=\"column\" data-e-type=\"column\">\n\t\t\t<div class=\"elementor-widget-wrap elementor-element-populated\">\n\t\t\t\t\t\t<div class=\"elementor-element elementor-element-930a14e elementor-widget elementor-widget-heading\" data-id=\"930a14e\" data-element_type=\"widget\" data-e-type=\"widget\" data-widget_type=\"heading.default\">\n\t\t\t\t<div class=\"elementor-widget-container\">\n\t\t\t\t\t<h1 class=\"elementor-heading-title elementor-size-default\">L'\u00e9quipe de BIM Blog<\/h1>\t\t\t\t<\/div>\n\t\t\t\t<\/div>\n\t\t\t\t\t<\/div>\n\t\t<\/div>\n\t\t\t\t\t<\/div>\n\t\t<\/section>\n\t\t\t\t<section class=\"elementor-section elementor-top-section elementor-element elementor-element-165147d elementor-section-boxed elementor-section-height-default elementor-section-height-default\" data-id=\"165147d\" data-element_type=\"section\" data-e-type=\"section\">\n\t\t\t\t\t\t<div class=\"elementor-container elementor-column-gap-default\">\n\t\t\t\t\t<div class=\"elementor-column elementor-col-100 elementor-top-column elementor-element elementor-element-c777353\" data-id=\"c777353\" data-element_type=\"column\" data-e-type=\"column\">\n\t\t\t<div class=\"elementor-widget-wrap elementor-element-populated\">\n\t\t\t\t\t\t<div class=\"elementor-element elementor-element-7d1626e elementor-widget__width-initial elementor-widget-tablet__width-initial elementor-widget elementor-widget-text-editor\" data-id=\"7d1626e\" data-element_type=\"widget\" data-e-type=\"widget\" data-widget_type=\"text-editor.default\">\n\t\t\t\t<div class=\"elementor-widget-container\">\n\t\t\t\t\t\t\t\t\t<p>D\u00e9couvrez une \u00e9quipe dynamique, passionn\u00e9e par l&rsquo;univers crypto et la technologie Blockchain. Chaque membre allie expertise et curiosit\u00e9, s&rsquo;effor\u00e7ant de d\u00e9mystifier ces domaines pour les rendre accessibles. Ensemble, nous vous guidons \u00e0 travers des analyses aff\u00fbt\u00e9es et des articles authentiques. Avec nous, plongez dans une aventure riche en d\u00e9couvertes !<\/p>\t\t\t\t\t\t\t\t<\/div>\n\t\t\t\t<\/div>\n\t\t\t\t\t<\/div>\n\t\t<\/div>\n\t\t\t\t\t<\/div>\n\t\t<\/section>\n\t\t\t\t<section class=\"elementor-section elementor-top-section elementor-element elementor-element-6b48511 elementor-section-boxed elementor-section-height-default elementor-section-height-default\" data-id=\"6b48511\" data-element_type=\"section\" data-e-type=\"section\">\n\t\t\t\t\t\t<div class=\"elementor-container elementor-column-gap-wide\">\n\t\t\t\t\t<div class=\"elementor-column elementor-col-33 elementor-top-column elementor-element elementor-element-87ab6f6\" data-id=\"87ab6f6\" data-element_type=\"column\" data-e-type=\"column\">\n\t\t\t<div class=\"elementor-widget-wrap elementor-element-populated\">\n\t\t\t\t\t\t<div class=\"elementor-element elementor-element-16ffef3 elementor-widget elementor-widget-image\" data-id=\"16ffef3\" data-element_type=\"widget\" data-e-type=\"widget\" data-widget_type=\"image.default\">\n\t\t\t\t<div class=\"elementor-widget-container\">\n\t\t\t\t\t\t\t\t\t\t\t\t\t\t\t<img fetchpriority=\"high\" decoding=\"async\" width=\"800\" height=\"800\" src=\"https:\/\/i0.wp.com\/www.blog.bim.finance\/wp-content\/uploads\/2023\/10\/profil.png?fit=800%2C800&amp;ssl=1\" class=\"attachment-large size-large wp-image-817\" alt=\"\" srcset=\"https:\/\/i0.wp.com\/www.blog.bim.finance\/wp-content\/uploads\/2023\/10\/profil.png?w=1280&amp;ssl=1 1280w, https:\/\/i0.wp.com\/www.blog.bim.finance\/wp-content\/uploads\/2023\/10\/profil.png?resize=300%2C300&amp;ssl=1 300w, https:\/\/i0.wp.com\/www.blog.bim.finance\/wp-content\/uploads\/2023\/10\/profil.png?resize=1024%2C1024&amp;ssl=1 1024w, https:\/\/i0.wp.com\/www.blog.bim.finance\/wp-content\/uploads\/2023\/10\/profil.png?resize=150%2C150&amp;ssl=1 150w, https:\/\/i0.wp.com\/www.blog.bim.finance\/wp-content\/uploads\/2023\/10\/profil.png?resize=768%2C768&amp;ssl=1 768w\" sizes=\"(max-width: 800px) 100vw, 800px\" \/>\t\t\t\t\t\t\t\t\t\t\t\t\t\t\t<\/div>\n\t\t\t\t<\/div>\n\t\t\t\t<div class=\"elementor-element elementor-element-ca5f6b0 elementor-widget elementor-widget-heading\" data-id=\"ca5f6b0\" data-element_type=\"widget\" data-e-type=\"widget\" data-widget_type=\"heading.default\">\n\t\t\t\t<div class=\"elementor-widget-container\">\n\t\t\t\t\t<h2 class=\"elementor-heading-title elementor-size-default\">Leo Pestre<\/h2>\t\t\t\t<\/div>\n\t\t\t\t<\/div>\n\t\t\t\t<div class=\"elementor-element elementor-element-22c397c elementor-widget elementor-widget-text-editor\" data-id=\"22c397c\" data-element_type=\"widget\" data-e-type=\"widget\" data-widget_type=\"text-editor.default\">\n\t\t\t\t<div class=\"elementor-widget-container\">\n\t\t\t\t\t\t\t\t\t<p>CEO de BIM Finance &amp; BIM Exchange \/ R\u00e9dacteur<\/p>\t\t\t\t\t\t\t\t<\/div>\n\t\t\t\t<\/div>\n\t\t\t\t<div class=\"elementor-element elementor-element-c662d31 elementor-align-center elementor-widget elementor-widget-button\" data-id=\"c662d31\" data-element_type=\"widget\" data-e-type=\"widget\" data-widget_type=\"button.default\">\n\t\t\t\t<div class=\"elementor-widget-container\">\n\t\t\t\t\t\t\t\t\t<div class=\"elementor-button-wrapper\">\n\t\t\t\t\t<a class=\"elementor-button elementor-button-link elementor-size-sm\" href=\"https:\/\/www.blog.bim.finance\/en\/author\/lp\/\">\n\t\t\t\t\t\t<span class=\"elementor-button-content-wrapper\">\n\t\t\t\t\t\t\t\t\t<span class=\"elementor-button-text\">Voir toutes les publications<\/span>\n\t\t\t\t\t<\/span>\n\t\t\t\t\t<\/a>\n\t\t\t\t<\/div>\n\t\t\t\t\t\t\t\t<\/div>\n\t\t\t\t<\/div>\n\t\t\t\t\t<\/div>\n\t\t<\/div>\n\t\t\t\t<div class=\"elementor-column elementor-col-33 elementor-top-column elementor-element elementor-element-80b15a1\" data-id=\"80b15a1\" data-element_type=\"column\" data-e-type=\"column\">\n\t\t\t<div class=\"elementor-widget-wrap elementor-element-populated\">\n\t\t\t\t\t\t<div class=\"elementor-element elementor-element-70806bb elementor-widget elementor-widget-image\" data-id=\"70806bb\" data-element_type=\"widget\" data-e-type=\"widget\" data-widget_type=\"image.default\">\n\t\t\t\t<div class=\"elementor-widget-container\">\n\t\t\t\t\t\t\t\t\t\t\t\t\t\t\t<img decoding=\"async\" width=\"400\" height=\"400\" src=\"https:\/\/i0.wp.com\/www.blog.bim.finance\/wp-content\/uploads\/2023\/10\/1687177860498.jpeg?fit=400%2C400&amp;ssl=1\" class=\"attachment-large size-large wp-image-827\" alt=\"\" srcset=\"https:\/\/i0.wp.com\/www.blog.bim.finance\/wp-content\/uploads\/2023\/10\/1687177860498.jpeg?w=400&amp;ssl=1 400w, https:\/\/i0.wp.com\/www.blog.bim.finance\/wp-content\/uploads\/2023\/10\/1687177860498.jpeg?resize=300%2C300&amp;ssl=1 300w, https:\/\/i0.wp.com\/www.blog.bim.finance\/wp-content\/uploads\/2023\/10\/1687177860498.jpeg?resize=150%2C150&amp;ssl=1 150w\" sizes=\"(max-width: 400px) 100vw, 400px\" \/>\t\t\t\t\t\t\t\t\t\t\t\t\t\t\t<\/div>\n\t\t\t\t<\/div>\n\t\t\t\t<div class=\"elementor-element elementor-element-2c343ba elementor-widget elementor-widget-heading\" data-id=\"2c343ba\" data-element_type=\"widget\" data-e-type=\"widget\" data-widget_type=\"heading.default\">\n\t\t\t\t<div class=\"elementor-widget-container\">\n\t\t\t\t\t<h2 class=\"elementor-heading-title elementor-size-default\">Kylian Bedouet<\/h2>\t\t\t\t<\/div>\n\t\t\t\t<\/div>\n\t\t\t\t<div class=\"elementor-element elementor-element-49126e4 elementor-widget elementor-widget-text-editor\" data-id=\"49126e4\" data-element_type=\"widget\" data-e-type=\"widget\" data-widget_type=\"text-editor.default\">\n\t\t\t\t<div class=\"elementor-widget-container\">\n\t\t\t\t\t\t\t\t\t<p>CMO \/ Directeur de la Publication<\/p>\t\t\t\t\t\t\t\t<\/div>\n\t\t\t\t<\/div>\n\t\t\t\t<div class=\"elementor-element elementor-element-f391142 elementor-align-center elementor-widget elementor-widget-button\" data-id=\"f391142\" data-element_type=\"widget\" data-e-type=\"widget\" data-widget_type=\"button.default\">\n\t\t\t\t<div class=\"elementor-widget-container\">\n\t\t\t\t\t\t\t\t\t<div class=\"elementor-button-wrapper\">\n\t\t\t\t\t<a class=\"elementor-button elementor-button-link elementor-size-sm\" href=\"https:\/\/www.blog.bim.finance\/en\/author\/kylianbedouet\/\">\n\t\t\t\t\t\t<span class=\"elementor-button-content-wrapper\">\n\t\t\t\t\t\t\t\t\t<span class=\"elementor-button-text\">Voir toutes les publications<\/span>\n\t\t\t\t\t<\/span>\n\t\t\t\t\t<\/a>\n\t\t\t\t<\/div>\n\t\t\t\t\t\t\t\t<\/div>\n\t\t\t\t<\/div>\n\t\t\t\t\t<\/div>\n\t\t<\/div>\n\t\t\t\t<div class=\"elementor-column elementor-col-33 elementor-top-column elementor-element elementor-element-3fa8f0f\" data-id=\"3fa8f0f\" data-element_type=\"column\" data-e-type=\"column\">\n\t\t\t<div class=\"elementor-widget-wrap elementor-element-populated\">\n\t\t\t\t\t\t<div class=\"elementor-element elementor-element-74cd3b2 elementor-widget elementor-widget-image\" data-id=\"74cd3b2\" data-element_type=\"widget\" data-e-type=\"widget\" data-widget_type=\"image.default\">\n\t\t\t\t<div class=\"elementor-widget-container\">\n\t\t\t\t\t\t\t\t\t\t\t\t\t\t\t<img decoding=\"async\" width=\"800\" height=\"795\" src=\"https:\/\/i0.wp.com\/www.blog.bim.finance\/wp-content\/uploads\/2024\/02\/colorize_cynthia.jpeg?fit=800%2C795&amp;ssl=1\" class=\"attachment-large size-large wp-image-4429\" alt=\"Cynthia Renaudin BIM Blog\" srcset=\"https:\/\/i0.wp.com\/www.blog.bim.finance\/wp-content\/uploads\/2024\/02\/colorize_cynthia.jpeg?w=829&amp;ssl=1 829w, https:\/\/i0.wp.com\/www.blog.bim.finance\/wp-content\/uploads\/2024\/02\/colorize_cynthia.jpeg?resize=300%2C298&amp;ssl=1 300w, https:\/\/i0.wp.com\/www.blog.bim.finance\/wp-content\/uploads\/2024\/02\/colorize_cynthia.jpeg?resize=150%2C150&amp;ssl=1 150w, https:\/\/i0.wp.com\/www.blog.bim.finance\/wp-content\/uploads\/2024\/02\/colorize_cynthia.jpeg?resize=768%2C763&amp;ssl=1 768w\" sizes=\"(max-width: 800px) 100vw, 800px\" \/>\t\t\t\t\t\t\t\t\t\t\t\t\t\t\t<\/div>\n\t\t\t\t<\/div>\n\t\t\t\t<div class=\"elementor-element elementor-element-d3e4df3 elementor-widget elementor-widget-heading\" data-id=\"d3e4df3\" data-element_type=\"widget\" data-e-type=\"widget\" data-widget_type=\"heading.default\">\n\t\t\t\t<div class=\"elementor-widget-container\">\n\t\t\t\t\t<h2 class=\"elementor-heading-title elementor-size-default\">Cynthia Renaudin<\/h2>\t\t\t\t<\/div>\n\t\t\t\t<\/div>\n\t\t\t\t<div class=\"elementor-element elementor-element-aaf5801 elementor-widget elementor-widget-text-editor\" data-id=\"aaf5801\" data-element_type=\"widget\" data-e-type=\"widget\" data-widget_type=\"text-editor.default\">\n\t\t\t\t<div class=\"elementor-widget-container\">\n\t\t\t\t\t\t\t\t\t<p>DEO de BIM Finance<\/p>\t\t\t\t\t\t\t\t<\/div>\n\t\t\t\t<\/div>\n\t\t\t\t\t<\/div>\n\t\t<\/div>\n\t\t\t\t\t<\/div>\n\t\t<\/section>\n\t\t\t\t<\/div>","protected":false},"excerpt":{"rendered":"<p>L&rsquo;&eacute;quipe de BIM Blog D&eacute;couvrez une &eacute;quipe dynamique, passionn&eacute;e par l&rsquo;univers crypto et la technologie Blockchain. Chaque membre allie expertise et curiosit&eacute;, s&rsquo;effor&ccedil;ant de d&eacute;mystifier ces domaines pour les rendre accessibles. Ensemble, nous vous guidons &agrave; travers des analyses aff&ucirc;t&eacute;es et des articles authentiques. Avec nous, plongez dans une aventure riche en d&eacute;couvertes !&lt;\/p&gt; &lt;img [&hellip;]<\/p>","protected":false},"author":4,"featured_media":0,"parent":0,"menu_order":0,"comment_status":"closed","ping_status":"closed","template":"","meta":{"_mo_disable_npp":"","footnotes":""},"class_list":["post-819","page","type-page","status-publish","hentry"],"yoast_head":"<!-- This site is optimized with the Yoast SEO plugin v27.3 - https:\/\/yoast.com\/product\/yoast-seo-wordpress\/ -->\n<title>Notre \u00e9quipe - BIM Blog<\/title>\n<meta name=\"description\" content=\"D\u00e9couvrez l&#039;\u00e9quipe d&#039;auteurs derri\u00e8re le BIM Blog qui r\u00e9dige le contenu et vous tiens au courant de l&#039;actualit\u00e9.\" \/>\n<meta name=\"robots\" content=\"index, follow, max-snippet:-1, max-image-preview:large, max-video-preview:-1\" \/>\n<link rel=\"canonical\" href=\"https:\/\/www.blog.bim.finance\/en\/author\/\" \/>\n<meta property=\"og:locale\" content=\"en_GB\" \/>\n<meta property=\"og:type\" content=\"article\" \/>\n<meta property=\"og:title\" content=\"Notre \u00e9quipe - BIM Blog\" \/>\n<meta property=\"og:description\" content=\"D\u00e9couvrez l&#039;\u00e9quipe d&#039;auteurs derri\u00e8re le BIM Blog qui r\u00e9dige le contenu et vous tiens au courant de l&#039;actualit\u00e9.\" \/>\n<meta property=\"og:url\" content=\"https:\/\/www.blog.bim.finance\/en\/author\/\" \/>\n<meta property=\"og:site_name\" content=\"BIM Blog\" \/>\n<meta property=\"article:modified_time\" content=\"2024-12-02T12:57:32+00:00\" \/>\n<meta name=\"twitter:card\" content=\"summary_large_image\" \/>\n<meta name=\"twitter:label1\" content=\"Estimated reading time\" \/>\n\t<meta name=\"twitter:data1\" content=\"1 minute\" \/>\n<script type=\"application\/ld+json\" class=\"yoast-schema-graph\">{\"@context\":\"https:\\\/\\\/schema.org\",\"@graph\":[{\"@type\":\"WebPage\",\"@id\":\"https:\\\/\\\/www.blog.bim.finance\\\/author\\\/\",\"url\":\"https:\\\/\\\/www.blog.bim.finance\\\/author\\\/\",\"name\":\"Notre \u00e9quipe - BIM Blog\",\"isPartOf\":{\"@id\":\"https:\\\/\\\/www.blog.bim.finance\\\/#website\"},\"datePublished\":\"2023-10-06T13:22:48+00:00\",\"dateModified\":\"2024-12-02T12:57:32+00:00\",\"description\":\"D\u00e9couvrez l'\u00e9quipe d'auteurs derri\u00e8re le BIM Blog qui r\u00e9dige le contenu et vous tiens au courant de l'actualit\u00e9.\",\"breadcrumb\":{\"@id\":\"https:\\\/\\\/www.blog.bim.finance\\\/author\\\/#breadcrumb\"},\"inLanguage\":\"en-GB\",\"potentialAction\":[{\"@type\":\"ReadAction\",\"target\":[\"https:\\\/\\\/www.blog.bim.finance\\\/author\\\/\"]}]},{\"@type\":\"BreadcrumbList\",\"@id\":\"https:\\\/\\\/www.blog.bim.finance\\\/author\\\/#breadcrumb\",\"itemListElement\":[{\"@type\":\"ListItem\",\"position\":1,\"name\":\"Accueil\",\"item\":\"https:\\\/\\\/www.blog.bim.finance\\\/\"},{\"@type\":\"ListItem\",\"position\":2,\"name\":\"Notre \u00e9quipe\"}]},{\"@type\":\"WebSite\",\"@id\":\"https:\\\/\\\/www.blog.bim.finance\\\/#website\",\"url\":\"https:\\\/\\\/www.blog.bim.finance\\\/\",\"name\":\"BIM Blog\",\"description\":\"BIM Blog\",\"publisher\":{\"@id\":\"https:\\\/\\\/www.blog.bim.finance\\\/#organization\"},\"potentialAction\":[{\"@type\":\"SearchAction\",\"target\":{\"@type\":\"EntryPoint\",\"urlTemplate\":\"https:\\\/\\\/www.blog.bim.finance\\\/?s={search_term_string}\"},\"query-input\":{\"@type\":\"PropertyValueSpecification\",\"valueRequired\":true,\"valueName\":\"search_term_string\"}}],\"inLanguage\":\"en-GB\"},{\"@type\":\"Organization\",\"@id\":\"https:\\\/\\\/www.blog.bim.finance\\\/#organization\",\"name\":\"BIM Blog\",\"url\":\"https:\\\/\\\/www.blog.bim.finance\\\/\",\"logo\":{\"@type\":\"ImageObject\",\"inLanguage\":\"en-GB\",\"@id\":\"https:\\\/\\\/www.blog.bim.finance\\\/#\\\/schema\\\/logo\\\/image\\\/\",\"url\":\"https:\\\/\\\/i0.wp.com\\\/www.blog.bim.finance\\\/wp-content\\\/uploads\\\/2023\\\/09\\\/bim_blog_v3.png?fit=2403%2C475&ssl=1\",\"contentUrl\":\"https:\\\/\\\/i0.wp.com\\\/www.blog.bim.finance\\\/wp-content\\\/uploads\\\/2023\\\/09\\\/bim_blog_v3.png?fit=2403%2C475&ssl=1\",\"width\":2403,\"height\":475,\"caption\":\"BIM Blog\"},\"image\":{\"@id\":\"https:\\\/\\\/www.blog.bim.finance\\\/#\\\/schema\\\/logo\\\/image\\\/\"}}]}<\/script>\n<!-- \/ Yoast SEO plugin. -->","yoast_head_json":{"title":"Notre \u00e9quipe - BIM Blog","description":"D\u00e9couvrez l'\u00e9quipe d'auteurs derri\u00e8re le BIM Blog qui r\u00e9dige le contenu et vous tiens au courant de l'actualit\u00e9.","robots":{"index":"index","follow":"follow","max-snippet":"max-snippet:-1","max-image-preview":"max-image-preview:large","max-video-preview":"max-video-preview:-1"},"canonical":"https:\/\/www.blog.bim.finance\/en\/author\/","og_locale":"en_GB","og_type":"article","og_title":"Notre \u00e9quipe - BIM Blog","og_description":"D\u00e9couvrez l'\u00e9quipe d'auteurs derri\u00e8re le BIM Blog qui r\u00e9dige le contenu et vous tiens au courant de l'actualit\u00e9.","og_url":"https:\/\/www.blog.bim.finance\/en\/author\/","og_site_name":"BIM Blog","article_modified_time":"2024-12-02T12:57:32+00:00","twitter_card":"summary_large_image","twitter_misc":{"Estimated reading time":"1 minute"},"schema":{"@context":"https:\/\/schema.org","@graph":[{"@type":"WebPage","@id":"https:\/\/www.blog.bim.finance\/author\/","url":"https:\/\/www.blog.bim.finance\/author\/","name":"Notre \u00e9quipe - BIM Blog","isPartOf":{"@id":"https:\/\/www.blog.bim.finance\/#website"},"datePublished":"2023-10-06T13:22:48+00:00","dateModified":"2024-12-02T12:57:32+00:00","description":"D\u00e9couvrez l'\u00e9quipe d'auteurs derri\u00e8re le BIM Blog qui r\u00e9dige le contenu et vous tiens au courant de l'actualit\u00e9.","breadcrumb":{"@id":"https:\/\/www.blog.bim.finance\/author\/#breadcrumb"},"inLanguage":"en-GB","potentialAction":[{"@type":"ReadAction","target":["https:\/\/www.blog.bim.finance\/author\/"]}]},{"@type":"BreadcrumbList","@id":"https:\/\/www.blog.bim.finance\/author\/#breadcrumb","itemListElement":[{"@type":"ListItem","position":1,"name":"Accueil","item":"https:\/\/www.blog.bim.finance\/"},{"@type":"ListItem","position":2,"name":"Notre \u00e9quipe"}]},{"@type":"WebSite","@id":"https:\/\/www.blog.bim.finance\/#website","url":"https:\/\/www.blog.bim.finance\/","name":"BIM Blog","description":"BIM Blog","publisher":{"@id":"https:\/\/www.blog.bim.finance\/#organization"},"potentialAction":[{"@type":"SearchAction","target":{"@type":"EntryPoint","urlTemplate":"https:\/\/www.blog.bim.finance\/?s={search_term_string}"},"query-input":{"@type":"PropertyValueSpecification","valueRequired":true,"valueName":"search_term_string"}}],"inLanguage":"en-GB"},{"@type":"Organization","@id":"https:\/\/www.blog.bim.finance\/#organization","name":"BIM Blog","url":"https:\/\/www.blog.bim.finance\/","logo":{"@type":"ImageObject","inLanguage":"en-GB","@id":"https:\/\/www.blog.bim.finance\/#\/schema\/logo\/image\/","url":"https:\/\/i0.wp.com\/www.blog.bim.finance\/wp-content\/uploads\/2023\/09\/bim_blog_v3.png?fit=2403%2C475&ssl=1","contentUrl":"https:\/\/i0.wp.com\/www.blog.bim.finance\/wp-content\/uploads\/2023\/09\/bim_blog_v3.png?fit=2403%2C475&ssl=1","width":2403,"height":475,"caption":"BIM Blog"},"image":{"@id":"https:\/\/www.blog.bim.finance\/#\/schema\/logo\/image\/"}}]}},"jetpack_sharing_enabled":true,"_links":{"self":[{"href":"https:\/\/www.blog.bim.finance\/en\/wp-json\/wp\/v2\/pages\/819","targetHints":{"allow":["GET"]}}],"collection":[{"href":"https:\/\/www.blog.bim.finance\/en\/wp-json\/wp\/v2\/pages"}],"about":[{"href":"https:\/\/www.blog.bim.finance\/en\/wp-json\/wp\/v2\/types\/page"}],"author":[{"embeddable":true,"href":"https:\/\/www.blog.bim.finance\/en\/wp-json\/wp\/v2\/users\/4"}],"replies":[{"embeddable":true,"href":"https:\/\/www.blog.bim.finance\/en\/wp-json\/wp\/v2\/comments?post=819"}],"version-history":[{"count":61,"href":"https:\/\/www.blog.bim.finance\/en\/wp-json\/wp\/v2\/pages\/819\/revisions"}],"predecessor-version":[{"id":10690,"href":"https:\/\/www.blog.bim.finance\/en\/wp-json\/wp\/v2\/pages\/819\/revisions\/10690"}],"wp:attachment":[{"href":"https:\/\/www.blog.bim.finance\/en\/wp-json\/wp\/v2\/media?parent=819"}],"curies":[{"name":"wp","href":"https:\/\/api.w.org\/{rel}","templated":true}]}}